{"id":5,"date":"2012-01-23T12:58:40","date_gmt":"2012-01-23T12:58:40","guid":{"rendered":"http:\/\/grafikdesign-im.de\/?page_id=5"},"modified":"2015-02-10T16:14:18","modified_gmt":"2015-02-10T15:14:18","slug":"uber-mich","status":"publish","type":"page","link":"https:\/\/grafikdesign-im.de\/?page_id=5","title":{"rendered":"\u00dcber mich"},"content":{"rendered":"<p><img loading=\"lazy\" decoding=\"async\" class=\"alignnone size-full wp-image-60\" title=\"about\" src=\"http:\/\/grafikdesign-im.de\/wp-content\/uploads\/2012\/01\/about.jpg\" alt=\"\" width=\"640\" height=\"213\" srcset=\"https:\/\/grafikdesign-im.de\/wp-content\/uploads\/2012\/01\/about.jpg 640w, https:\/\/grafikdesign-im.de\/wp-content\/uploads\/2012\/01\/about-300x99.jpg 300w\" sizes=\"auto, (max-width: 640px) 100vw, 640px\" \/><\/p>\n<div class=\"darktext\">\n<h3>Ines M\u00fcller \u00b7 Grafikdesignerin<\/h3>\n<p><span class=\"pink\">Seit 1992 Grafikdesign und Reinzeichnung<\/span> \u2013 Bis 2001 fest angestellt, seitdem freiberuflich kreativ \u2013 in diversen Werbeagenturen und Verlagen mit dem Schwerpunkt Printmedien und f\u00fcr Kunden aus unterschiedlichen Branchen.<\/p>\n<p><span class=\"pink\">Zuverl\u00e4ssigkeit<\/span> \u2013 Ein fester Bestandteil meiner Arbeitsweise. Timings und Absprachen werden eingehalten und sind die Grundlage des guten pers\u00f6nlichen Kontakts, der mich mit meinen Auftraggebern verbindet.<\/p>\n<p><span class=\"pink\">Vertrauen<\/span> \u2013 Jeder Design-Auftrag ist einzigartig und verdient eine entsprechende Behandlung. Ich versetze mich in die Lage Ihrer Zielgruppe und spreche deren Sprache. Ihre Botschaft wird von mir mit Fingerspitzengef\u00fchl und Stilsicherheit in zeitgem\u00e4\u00dfem Design visualisiert und kommuniziert.<\/p>\n<p><span class=\"pink\">Flexibilit\u00e4t<\/span> \u2013 Ich arbeite f\u00fcr Sie in meinem B\u00fcro oder bei Ihnen vor Ort \u2013 eben so, wie es f\u00fcr<br \/>\nIhr Projekt sinnvoll und machbar ist. Gerne bin ich Ihre direkte Ansprechpartnerin auch f\u00fcr umfassendere Projekte, dann in Kooperation mit meinem arbeitserprobten Netzwerk aus<br \/>\nText, Fotografie und Programmierung.<\/p>\n<\/div>\n<p><a id=\"displayText\" href=\"javascript:toggle();\"><img loading=\"lazy\" decoding=\"async\" class=\"alignnone size-full wp-image-59\" title=\"about2\" src=\"http:\/\/grafikdesign-im.de\/wp-content\/uploads\/2012\/01\/about2.jpg\" alt=\"\" width=\"640\" height=\"213\" srcset=\"https:\/\/grafikdesign-im.de\/wp-content\/uploads\/2012\/01\/about2.jpg 640w, https:\/\/grafikdesign-im.de\/wp-content\/uploads\/2012\/01\/about2-300x99.jpg 300w\" sizes=\"auto, (max-width: 640px) 100vw, 640px\" \/><\/a><\/p>\n<div id=\"toggleText\" style=\"display: none\">\n<div class=\"darktext\">\u201eProfessionell, teamorientiert und flexibel: eine absolut zuverl\u00e4ssige Freelancerin in unserem Kreativ-Netzwerk!\u201c <span class=\"pink\"><em>Mario Ranasinghe, Art Director Kommdirekt<\/em><\/span><\/p>\n<p>\u201eGrafiker, die erst nachmittags aufstehen und bekifft die Reinzeichnung an die \u00f6rtlichen Abfallwirtschaftsbetriebe statt in die Druckerei schicken, kann niemand gebrauchen.<br \/>\nWeil meine Kunden neben Kreativit\u00e4t auch Sorgfalt und P\u00fcnktlichkeit erwarten, arbeite ich<br \/>\nseit Jahren mit Ines zusammen. Die denkt immer mit. Und das schon fr\u00fch am Morgen.\u201c <span class=\"pink\"><em><br \/>\nAnna Bonin, bonin communication affairs<\/em><\/span><\/p>\n<p>\u201eInes M\u00fcller ist ein kluges, kreatives M\u00e4del mit viel Geschmack und Fingerspitzengef\u00fchl.<br \/>\nSie kennt die \u201eDenke vom Markt her\u201c, kann sich also ausgezeichnet in Kunden und ihren Markt einf\u00fchlen, und sie ist sehr pragmatisch in der Realision. Hier passt einfach alles. Schade, dass sie so weit weggezogen ist. \u201eBillig\u201c ist sie ja nicht, aber das zahlt sich aus, denn sie ist einfach gut, schnell und zuverl\u00e4ssig &#8211; das ist Gold wert!\u201c <span class=\"pink\"><em>K<em>athrein B\u00f6nsch, a.b.media gmbh<\/em><\/em><\/span><\/p>\n<p>\u201eFrau M\u00fcller hat uns in puncto Gesch\u00e4ftsauftritt einf\u00fchlsam und kompetent beraten. Sie hat die Anspr\u00fcche unserer Zielgruppe genau verstanden. Die Qualit\u00e4t der Entw\u00fcrfe, das Timing und der Preis haben gestimmt.\u201c <span class=\"pink\"><em><em>Dipl. Ing. Innenarchitekt Andreas Weber<\/em><\/em><\/span><\/p>\n<p>\u201eDie klare Professionalit\u00e4t, die schnelle und unkomplizierte Arbeitsweise hat zu besten Ergebnissen gef\u00fchrt und die Zusammenarbeit war immer kreativ, konstruktiv und freundlich. Mehr davon!\u201c <span class=\"pink\"><em><em>Heike Bartels, just be GmbH<\/em><\/em><\/span><\/p>\n<p>\u201eInes M\u00fcller begeistert mit einer gro\u00dfen Bandbreite. Sie kann sich auch sehr gut in k\u00fcnstlerische und sensible Themen hineindenken und setzt mit einem Gesp\u00fcr inhaltliche Vorgaben um. Sie ist sehr offen und zug\u00e4nglich und bringt mit ihrer gro\u00dfen gestalterischen Phantasie die Sache auf den Punkt.\u201c <span class=\"pink\"><em><em>Harald Holstein, Schauspieler und Regisseur<\/em><\/em><\/span><\/p>\n<p>\u201eInes ist schnell UND gut. Mich erstaunt immer wieder, was mein Schwesterherz sich<br \/>\neinfallen l\u00e4sst und in Ihrer Einsatzbereitschaft ist sie mir ein wahres Vorbild.\u201c <span class=\"pink\"><em><em><br \/>\nClaudia M\u00fcller &#8211; die Wortarbeiterin<\/em><\/em><\/span><\/p>\n<p>\u201eMessen, schneiden, kleben, das ist Ihr Leben!&#8220; Immer gerne wieder!&#8220;<span class=\"pink\"><em><em><br \/>\nClaudia Borkowski, ArtDirektorin Gerschau.Kroth.Werbeagentur.Hannover<\/em><\/em><\/span><\/p>\n<\/div>\n<\/div>\n","protected":false},"excerpt":{"rendered":"<p>Ines M\u00fcller \u00b7 Grafikdesignerin Seit 1992 Grafikdesign und Reinzeichnung \u2013 Bis 2001 fest angestellt, seitdem freiberuflich kreativ \u2013 in diversen Werbeagenturen und Verlagen mit dem Schwerpunkt Printmedien und f\u00fcr Kunden aus unterschiedlichen Branchen. Zuverl\u00e4ssigkeit \u2013 Ein fester Bestandteil meiner Arbeitsweise. &hellip; <a href=\"https:\/\/grafikdesign-im.de\/?page_id=5\">Weiterlesen <span class=\"meta-nav\">&rarr;<\/span><\/a><\/p>\n","protected":false},"author":1,"featured_media":0,"parent":0,"menu_order":0,"comment_status":"open","ping_status":"open","template":"","meta":{"footnotes":""},"class_list":["post-5","page","type-page","status-publish","hentry"],"_links":{"self":[{"href":"https:\/\/grafikdesign-im.de\/index.php?rest_route=\/wp\/v2\/pages\/5","targetHints":{"allow":["GET"]}}],"collection":[{"href":"https:\/\/grafikdesign-im.de\/index.php?rest_route=\/wp\/v2\/pages"}],"about":[{"href":"https:\/\/grafikdesign-im.de\/index.php?rest_route=\/wp\/v2\/types\/page"}],"author":[{"embeddable":true,"href":"https:\/\/grafikdesign-im.de\/index.php?rest_route=\/wp\/v2\/users\/1"}],"replies":[{"embeddable":true,"href":"https:\/\/grafikdesign-im.de\/index.php?rest_route=%2Fwp%2Fv2%2Fcomments&post=5"}],"version-history":[{"count":33,"href":"https:\/\/grafikdesign-im.de\/index.php?rest_route=\/wp\/v2\/pages\/5\/revisions"}],"predecessor-version":[{"id":237,"href":"https:\/\/grafikdesign-im.de\/index.php?rest_route=\/wp\/v2\/pages\/5\/revisions\/237"}],"wp:attachment":[{"href":"https:\/\/grafikdesign-im.de\/index.php?rest_route=%2Fwp%2Fv2%2Fmedia&parent=5"}],"curies":[{"name":"wp","href":"https:\/\/api.w.org\/{rel}","templated":true}]}}