{"id":2,"date":"2012-01-23T12:45:51","date_gmt":"2012-01-23T12:45:51","guid":{"rendered":"http:\/\/grafikdesign-im.de\/?page_id=2"},"modified":"2012-04-13T08:44:53","modified_gmt":"2012-04-13T08:44:53","slug":"beispiel-seite","status":"publish","type":"page","link":"http:\/\/grafikdesign-im.de\/","title":{"rendered":"Home"},"content":{"rendered":"<p><img loading=\"lazy\" decoding=\"async\" src=\"http:\/\/grafikdesign-im.de\/wp-content\/uploads\/2012\/01\/home.jpg\" alt=\"\" title=\"home\" width=\"640\" height=\"192\" class=\"alignnone size-full wp-image-51\" srcset=\"http:\/\/grafikdesign-im.de\/wp-content\/uploads\/2012\/01\/home.jpg 640w, http:\/\/grafikdesign-im.de\/wp-content\/uploads\/2012\/01\/home-300x90.jpg 300w\" sizes=\"auto, (max-width: 640px) 100vw, 640px\" \/><\/p>\n<div class=\"darktext\"><span class=\"pink\">Der erste Eindruck ist entscheidend<\/span><br \/>\nSt\u00e4rken Sie die Identit\u00e4t Ihres Unternehmens durch einen unverwechselbaren Auftritt \u2013<br \/>\nauf allen Ebenen der Kommunikation.<\/p>\n<p><span class=\"pink\">Gut durchdacht, wirkungsvoll, sch\u00f6n gestaltet.<\/span><br \/>\ngrafikDesign inesM\u00fcller entwickelt f\u00fcr Sie eine stimmige, individuelle Kommunikation<br \/>\nnach Ma\u00df: Logos, Gesch\u00e4ftsausstattungen, Imagebrosch\u00fcren, Kataloge, B\u00fccher, Einladungskarten, Messeausstattungen und vieles mehr. Von der Idee bis zum fertigen<br \/>\nProdukt \u2013 alles aus einer Hand.<\/p>\n<p><span class=\"pink\">Zufrieden bin ich erst, wenn meine Ideen auch Sie begeistern k\u00f6nnen!<br \/>\nFordern Sie mich heraus.<\/span>\n<\/div>\n","protected":false},"excerpt":{"rendered":"<p>Der erste Eindruck ist entscheidend St\u00e4rken Sie die Identit\u00e4t Ihres Unternehmens durch einen unverwechselbaren Auftritt \u2013 auf allen Ebenen der Kommunikation. Gut durchdacht, wirkungsvoll, sch\u00f6n gestaltet. grafikDesign inesM\u00fcller entwickelt f\u00fcr Sie eine stimmige, individuelle Kommunikation nach Ma\u00df: Logos, Gesch\u00e4ftsausstattungen, Imagebrosch\u00fcren, &hellip; <a href=\"http:\/\/grafikdesign-im.de\/\">Weiterlesen <span class=\"meta-nav\">&rarr;<\/span><\/a><\/p>\n","protected":false},"author":1,"featured_media":0,"parent":0,"menu_order":0,"comment_status":"open","ping_status":"open","template":"","meta":{"footnotes":""},"class_list":["post-2","page","type-page","status-publish","hentry"],"_links":{"self":[{"href":"http:\/\/grafikdesign-im.de\/index.php?rest_route=\/wp\/v2\/pages\/2","targetHints":{"allow":["GET"]}}],"collection":[{"href":"http:\/\/grafikdesign-im.de\/index.php?rest_route=\/wp\/v2\/pages"}],"about":[{"href":"http:\/\/grafikdesign-im.de\/index.php?rest_route=\/wp\/v2\/types\/page"}],"author":[{"embeddable":true,"href":"http:\/\/grafikdesign-im.de\/index.php?rest_route=\/wp\/v2\/users\/1"}],"replies":[{"embeddable":true,"href":"http:\/\/grafikdesign-im.de\/index.php?rest_route=%2Fwp%2Fv2%2Fcomments&post=2"}],"version-history":[{"count":22,"href":"http:\/\/grafikdesign-im.de\/index.php?rest_route=\/wp\/v2\/pages\/2\/revisions"}],"predecessor-version":[{"id":211,"href":"http:\/\/grafikdesign-im.de\/index.php?rest_route=\/wp\/v2\/pages\/2\/revisions\/211"}],"wp:attachment":[{"href":"http:\/\/grafikdesign-im.de\/index.php?rest_route=%2Fwp%2Fv2%2Fmedia&parent=2"}],"curies":[{"name":"wp","href":"https:\/\/api.w.org\/{rel}","templated":true}]}}